{"id":2664,"date":"2025-11-04T12:05:53","date_gmt":"2025-11-04T12:05:53","guid":{"rendered":"https:\/\/marymarchantepsicologa.com\/?post_type=product&#038;p=2664"},"modified":"2025-11-05T16:32:55","modified_gmt":"2025-11-05T16:32:55","slug":"50-preguntas-para-conocer-a-alguien","status":"publish","type":"product","link":"https:\/\/marymarchantepsicologa.com\/en\/product\/50-preguntas-para-conocer-a-alguien\/","title":{"rendered":"50 preguntas para conocer a alguien"},"content":{"rendered":"<h3><b>\u2728 La Llave para Descubrir Historias y Conectar de Verdad<\/b><\/h3>\n<p><span class=\"citation-68\">El recurso \u00ab50 Preguntas para Conocer de Verdad a Alguien\u00bb es m\u00e1s que un simple listado; es una herramienta de di\u00e1logo dise\u00f1ada para fomentar la <\/span><b><span class=\"citation-68\">escucha atenta, sin interrupci\u00f3n ni juicio<\/span><\/b>. <span class=\"citation-67\">Su prop\u00f3sito es abrir espacios para <\/span><b><span class=\"citation-67\">explorar vuestro mundo interno<\/span><\/b> <span class=\"citation-66 citation-end-66\">, reconociendo que cada persona lleva una historia a sus espaldas<\/span>.<\/p>\n<p>Este recurso te ayuda a:<\/p>\n<ul>\n<li><b><span class=\"citation-65\">Profundizar en la relaci\u00f3n:<\/span><\/b><span class=\"citation-65 citation-end-65\"> Va m\u00e1s all\u00e1 de lo evidente y superficial, buscando momentos genuinos de conexi\u00f3n<\/span>.<\/li>\n<li><b><span class=\"citation-64\">Fomentar el Autoconocimiento:<\/span><\/b><span class=\"citation-64 citation-end-64\"> Las preguntas est\u00e1n dise\u00f1adas para la exploraci\u00f3n personal y para reflexionar sobre tu propia identidad<\/span>.<\/li>\n<li><b><span class=\"citation-63\">Crear Di\u00e1logo Abierto:<\/span><\/b><span class=\"citation-63 citation-end-63\"> Las preguntas no tienen respuestas correctas ni incorrectas<\/span>; el valor est\u00e1 en la conversaci\u00f3n que generan.<\/li>\n<\/ul>\n<p>&nbsp;<\/p>\n<h3><b>Contenido Estructurado<\/b><\/h3>\n<p>Las 50 preguntas est\u00e1n organizadas tem\u00e1ticamente para guiar la conversaci\u00f3n de manera progresiva y significativa:<\/p>\n<ol start=\"1\">\n<li><b><span class=\"citation-62\">Identidad y Autoconocimiento<\/span><\/b> <span class=\"citation-61\">(Ejemplo: <\/span><i><span class=\"citation-61\">\u00bfQu\u00e9 parte de tu f\u00edsico o tu personalidad te cost\u00f3 m\u00e1s aceptar?<\/span><\/i> )<\/li>\n<li><b><span class=\"citation-60\">Reflexi\u00f3n<\/span><\/b><\/li>\n<li><b><\/b><b><span class=\"citation-59\">Emociones y Vulnerabilidad<\/span><\/b><\/li>\n<li><b><\/b><strong>La Sociedad y el Mundo<\/strong><\/li>\n<li><b><span class=\"citation-57\">El Futuro<\/span><\/b><\/li>\n<li><strong>C\u00f3mo nos Relacionamos con los Dem\u00e1s<\/strong><\/li>\n<li><b><span class=\"citation-55\">Autenticidad<\/span><\/b><b><\/b><\/li>\n<li><b><\/b><strong>La Visi\u00f3n que tenemos de la Vida<\/strong><\/li>\n<li><strong>Motivaciones<\/strong><\/li>\n<li><strong>De Manera M\u00e1s \u00cdntima<\/strong><\/li>\n<\/ol>\n<p><span class=\"citation-51\">Adem\u00e1s, cada secci\u00f3n incluye un <\/span><b><span class=\"citation-51\">\u00abEspacio para la Reflexi\u00f3n\u00bb<\/span><\/b> <span class=\"citation-50 citation-end-50\">para anotar descubrimientos, metas que sigues posponiendo <\/span><span class=\"citation-49 citation-end-49\">, o los aspectos que te gustar\u00eda seguir reflexionando<\/span>. <span class=\"citation-48 citation-end-48\">Es un valioso recurso desarrollado por la psic\u00f3loga Mary Marchante<\/span>.<\/p>","protected":false},"excerpt":{"rendered":"<p><b class=\"\"><span class=\"citation-46\">Descubre la esencia de cualquier relaci\u00f3n.<\/span><\/b><span class=\"citation-46\"> Este PDF contiene <\/span><b class=\"\"><span class=\"citation-46\">50 preguntas profundas y reflexivas<\/span><\/b><span class=\"citation-46\"> divididas en 8 temas clave, dise\u00f1adas por la psic\u00f3loga Mary Marchante, para ir m\u00e1s all\u00e1 de lo superficial y abrir un <\/span><b class=\"\"><span class=\"citation-46\">di\u00e1logo aut\u00e9ntico<\/span><\/b><span class=\"citation-46 citation-end-46\"> con tu pareja, amigos o contigo mismo<\/span><span class=\"\">.<\/span> <span class=\"citation-45\">Es una herramienta poderosa para el autoconocimiento y para crear <\/span><b class=\"\"><span class=\"citation-45\">momentos aut\u00e9nticos<\/span><\/b><span class=\"\">.<\/span><\/p>","protected":false},"featured_media":2743,"comment_status":"open","ping_status":"closed","template":"","meta":[],"product_brand":[],"product_cat":[26],"product_tag":[],"class_list":{"0":"post-2664","1":"product","2":"type-product","3":"status-publish","4":"has-post-thumbnail","6":"product_cat-sin-categorizar","8":"first","9":"instock","10":"sale","11":"downloadable","12":"virtual","13":"purchasable","14":"product-type-simple"},"yoast_head":"<!-- This site is optimized with the Yoast SEO plugin v27.5 - https:\/\/yoast.com\/product\/yoast-seo-wordpress\/ -->\n<title>50 preguntas para conocer a alguien - Mary Marchante<\/title>\n<meta name=\"robots\" content=\"index, follow, max-snippet:-1, max-image-preview:large, max-video-preview:-1\" \/>\n<link rel=\"canonical\" href=\"https:\/\/marymarchantepsicologa.com\/en\/product\/50-preguntas-para-conocer-a-alguien\/\" \/>\n<meta property=\"og:locale\" content=\"en_US\" \/>\n<meta property=\"og:type\" content=\"article\" \/>\n<meta property=\"og:title\" content=\"50 preguntas para conocer a alguien - Mary Marchante\" \/>\n<meta property=\"og:description\" content=\"Descubre la esencia de cualquier relaci\u00f3n. Este PDF contiene 50 preguntas profundas y reflexivas divididas en 8 temas clave, dise\u00f1adas por la psic\u00f3loga Mary Marchante, para ir m\u00e1s all\u00e1 de lo superficial y abrir un di\u00e1logo aut\u00e9ntico con tu pareja, amigos o contigo mismo. Es una herramienta poderosa para el autoconocimiento y para crear momentos aut\u00e9nticos.\" \/>\n<meta property=\"og:url\" content=\"https:\/\/marymarchantepsicologa.com\/en\/product\/50-preguntas-para-conocer-a-alguien\/\" \/>\n<meta property=\"og:site_name\" content=\"Mary Marchante\" \/>\n<meta property=\"article:publisher\" content=\"https:\/\/www.instagram.com\/marymarchantepsicologa\/\" \/>\n<meta property=\"article:modified_time\" content=\"2025-11-05T16:32:55+00:00\" \/>\n<meta property=\"og:image\" content=\"https:\/\/marymarchantepsicologa.com\/wp-content\/uploads\/2025\/11\/WhatsApp-Image-2025-11-03-at-16.24.02.jpeg\" \/>\n\t<meta property=\"og:image:width\" content=\"1500\" \/>\n\t<meta property=\"og:image:height\" content=\"1500\" \/>\n\t<meta property=\"og:image:type\" content=\"image\/jpeg\" \/>\n<meta name=\"twitter:card\" content=\"summary_large_image\" \/>\n<meta name=\"twitter:label1\" content=\"Est. reading time\" \/>\n\t<meta name=\"twitter:data1\" content=\"2 minutes\" \/>\n<script type=\"application\/ld+json\" class=\"yoast-schema-graph\">{\"@context\":\"https:\\\/\\\/schema.org\",\"@graph\":[{\"@type\":\"WebPage\",\"@id\":\"https:\\\/\\\/marymarchantepsicologa.com\\\/producto\\\/50-preguntas-para-conocer-a-alguien\\\/\",\"url\":\"https:\\\/\\\/marymarchantepsicologa.com\\\/producto\\\/50-preguntas-para-conocer-a-alguien\\\/\",\"name\":\"50 preguntas para conocer a alguien - Mary Marchante\",\"isPartOf\":{\"@id\":\"https:\\\/\\\/marymarchantepsicologa.com\\\/#website\"},\"primaryImageOfPage\":{\"@id\":\"https:\\\/\\\/marymarchantepsicologa.com\\\/producto\\\/50-preguntas-para-conocer-a-alguien\\\/#primaryimage\"},\"image\":{\"@id\":\"https:\\\/\\\/marymarchantepsicologa.com\\\/producto\\\/50-preguntas-para-conocer-a-alguien\\\/#primaryimage\"},\"thumbnailUrl\":\"https:\\\/\\\/marymarchantepsicologa.com\\\/wp-content\\\/uploads\\\/2025\\\/11\\\/WhatsApp-Image-2025-11-03-at-16.24.02.jpeg\",\"datePublished\":\"2025-11-04T12:05:53+00:00\",\"dateModified\":\"2025-11-05T16:32:55+00:00\",\"breadcrumb\":{\"@id\":\"https:\\\/\\\/marymarchantepsicologa.com\\\/producto\\\/50-preguntas-para-conocer-a-alguien\\\/#breadcrumb\"},\"inLanguage\":\"en-US\",\"potentialAction\":[{\"@type\":\"ReadAction\",\"target\":[\"https:\\\/\\\/marymarchantepsicologa.com\\\/producto\\\/50-preguntas-para-conocer-a-alguien\\\/\"]}]},{\"@type\":\"ImageObject\",\"inLanguage\":\"en-US\",\"@id\":\"https:\\\/\\\/marymarchantepsicologa.com\\\/producto\\\/50-preguntas-para-conocer-a-alguien\\\/#primaryimage\",\"url\":\"https:\\\/\\\/marymarchantepsicologa.com\\\/wp-content\\\/uploads\\\/2025\\\/11\\\/WhatsApp-Image-2025-11-03-at-16.24.02.jpeg\",\"contentUrl\":\"https:\\\/\\\/marymarchantepsicologa.com\\\/wp-content\\\/uploads\\\/2025\\\/11\\\/WhatsApp-Image-2025-11-03-at-16.24.02.jpeg\",\"width\":1500,\"height\":1500},{\"@type\":\"BreadcrumbList\",\"@id\":\"https:\\\/\\\/marymarchantepsicologa.com\\\/producto\\\/50-preguntas-para-conocer-a-alguien\\\/#breadcrumb\",\"itemListElement\":[{\"@type\":\"ListItem\",\"position\":1,\"name\":\"Inicio\",\"item\":\"https:\\\/\\\/marymarchantepsicologa.com\\\/\"},{\"@type\":\"ListItem\",\"position\":2,\"name\":\"Tienda\",\"item\":\"https:\\\/\\\/marymarchantepsicologa.com\\\/tienda\\\/\"},{\"@type\":\"ListItem\",\"position\":3,\"name\":\"50 preguntas para conocer a alguien\"}]},{\"@type\":\"WebSite\",\"@id\":\"https:\\\/\\\/marymarchantepsicologa.com\\\/#website\",\"url\":\"https:\\\/\\\/marymarchantepsicologa.com\\\/\",\"name\":\"www.marymarchantepsicologa.com\",\"description\":\"Psic\u00f3loga en Carabanchel Alto\",\"publisher\":{\"@id\":\"https:\\\/\\\/marymarchantepsicologa.com\\\/#organization\"},\"potentialAction\":[{\"@type\":\"SearchAction\",\"target\":{\"@type\":\"EntryPoint\",\"urlTemplate\":\"https:\\\/\\\/marymarchantepsicologa.com\\\/?s={search_term_string}\"},\"query-input\":{\"@type\":\"PropertyValueSpecification\",\"valueRequired\":true,\"valueName\":\"search_term_string\"}}],\"inLanguage\":\"en-US\"},{\"@type\":\"Organization\",\"@id\":\"https:\\\/\\\/marymarchantepsicologa.com\\\/#organization\",\"name\":\"Mary Marchante Psic\u00f3loga\",\"url\":\"https:\\\/\\\/marymarchantepsicologa.com\\\/\",\"logo\":{\"@type\":\"ImageObject\",\"inLanguage\":\"en-US\",\"@id\":\"https:\\\/\\\/marymarchantepsicologa.com\\\/#\\\/schema\\\/logo\\\/image\\\/\",\"url\":\"https:\\\/\\\/marymarchantepsicologa.com\\\/wp-content\\\/uploads\\\/2022\\\/07\\\/Mary-Marchante-con-fondo-logo-.png\",\"contentUrl\":\"https:\\\/\\\/marymarchantepsicologa.com\\\/wp-content\\\/uploads\\\/2022\\\/07\\\/Mary-Marchante-con-fondo-logo-.png\",\"width\":500,\"height\":500,\"caption\":\"Mary Marchante Psic\u00f3loga\"},\"image\":{\"@id\":\"https:\\\/\\\/marymarchantepsicologa.com\\\/#\\\/schema\\\/logo\\\/image\\\/\"},\"sameAs\":[\"https:\\\/\\\/www.instagram.com\\\/marymarchantepsicologa\\\/\",\"https:\\\/\\\/www.tiktok.com\\\/@marymarchantepsicologa\"]}]}<\/script>\n<!-- \/ Yoast SEO plugin. -->","yoast_head_json":{"title":"50 preguntas para conocer a alguien - Mary Marchante","robots":{"index":"index","follow":"follow","max-snippet":"max-snippet:-1","max-image-preview":"max-image-preview:large","max-video-preview":"max-video-preview:-1"},"canonical":"https:\/\/marymarchantepsicologa.com\/en\/product\/50-preguntas-para-conocer-a-alguien\/","og_locale":"en_US","og_type":"article","og_title":"50 preguntas para conocer a alguien - Mary Marchante","og_description":"Descubre la esencia de cualquier relaci\u00f3n. Este PDF contiene 50 preguntas profundas y reflexivas divididas en 8 temas clave, dise\u00f1adas por la psic\u00f3loga Mary Marchante, para ir m\u00e1s all\u00e1 de lo superficial y abrir un di\u00e1logo aut\u00e9ntico con tu pareja, amigos o contigo mismo. Es una herramienta poderosa para el autoconocimiento y para crear momentos aut\u00e9nticos.","og_url":"https:\/\/marymarchantepsicologa.com\/en\/product\/50-preguntas-para-conocer-a-alguien\/","og_site_name":"Mary Marchante","article_publisher":"https:\/\/www.instagram.com\/marymarchantepsicologa\/","article_modified_time":"2025-11-05T16:32:55+00:00","og_image":[{"width":1500,"height":1500,"url":"https:\/\/marymarchantepsicologa.com\/wp-content\/uploads\/2025\/11\/WhatsApp-Image-2025-11-03-at-16.24.02.jpeg","type":"image\/jpeg"}],"twitter_card":"summary_large_image","twitter_misc":{"Est. reading time":"2 minutes"},"schema":{"@context":"https:\/\/schema.org","@graph":[{"@type":"WebPage","@id":"https:\/\/marymarchantepsicologa.com\/producto\/50-preguntas-para-conocer-a-alguien\/","url":"https:\/\/marymarchantepsicologa.com\/producto\/50-preguntas-para-conocer-a-alguien\/","name":"50 preguntas para conocer a alguien - Mary Marchante","isPartOf":{"@id":"https:\/\/marymarchantepsicologa.com\/#website"},"primaryImageOfPage":{"@id":"https:\/\/marymarchantepsicologa.com\/producto\/50-preguntas-para-conocer-a-alguien\/#primaryimage"},"image":{"@id":"https:\/\/marymarchantepsicologa.com\/producto\/50-preguntas-para-conocer-a-alguien\/#primaryimage"},"thumbnailUrl":"https:\/\/marymarchantepsicologa.com\/wp-content\/uploads\/2025\/11\/WhatsApp-Image-2025-11-03-at-16.24.02.jpeg","datePublished":"2025-11-04T12:05:53+00:00","dateModified":"2025-11-05T16:32:55+00:00","breadcrumb":{"@id":"https:\/\/marymarchantepsicologa.com\/producto\/50-preguntas-para-conocer-a-alguien\/#breadcrumb"},"inLanguage":"en-US","potentialAction":[{"@type":"ReadAction","target":["https:\/\/marymarchantepsicologa.com\/producto\/50-preguntas-para-conocer-a-alguien\/"]}]},{"@type":"ImageObject","inLanguage":"en-US","@id":"https:\/\/marymarchantepsicologa.com\/producto\/50-preguntas-para-conocer-a-alguien\/#primaryimage","url":"https:\/\/marymarchantepsicologa.com\/wp-content\/uploads\/2025\/11\/WhatsApp-Image-2025-11-03-at-16.24.02.jpeg","contentUrl":"https:\/\/marymarchantepsicologa.com\/wp-content\/uploads\/2025\/11\/WhatsApp-Image-2025-11-03-at-16.24.02.jpeg","width":1500,"height":1500},{"@type":"BreadcrumbList","@id":"https:\/\/marymarchantepsicologa.com\/producto\/50-preguntas-para-conocer-a-alguien\/#breadcrumb","itemListElement":[{"@type":"ListItem","position":1,"name":"Inicio","item":"https:\/\/marymarchantepsicologa.com\/"},{"@type":"ListItem","position":2,"name":"Tienda","item":"https:\/\/marymarchantepsicologa.com\/tienda\/"},{"@type":"ListItem","position":3,"name":"50 preguntas para conocer a alguien"}]},{"@type":"WebSite","@id":"https:\/\/marymarchantepsicologa.com\/#website","url":"https:\/\/marymarchantepsicologa.com\/","name":"www.marymarchantepsicologa.com","description":"Psic\u00f3loga en Carabanchel Alto","publisher":{"@id":"https:\/\/marymarchantepsicologa.com\/#organization"},"potentialAction":[{"@type":"SearchAction","target":{"@type":"EntryPoint","urlTemplate":"https:\/\/marymarchantepsicologa.com\/?s={search_term_string}"},"query-input":{"@type":"PropertyValueSpecification","valueRequired":true,"valueName":"search_term_string"}}],"inLanguage":"en-US"},{"@type":"Organization","@id":"https:\/\/marymarchantepsicologa.com\/#organization","name":"Mary Marchante Psic\u00f3loga","url":"https:\/\/marymarchantepsicologa.com\/","logo":{"@type":"ImageObject","inLanguage":"en-US","@id":"https:\/\/marymarchantepsicologa.com\/#\/schema\/logo\/image\/","url":"https:\/\/marymarchantepsicologa.com\/wp-content\/uploads\/2022\/07\/Mary-Marchante-con-fondo-logo-.png","contentUrl":"https:\/\/marymarchantepsicologa.com\/wp-content\/uploads\/2022\/07\/Mary-Marchante-con-fondo-logo-.png","width":500,"height":500,"caption":"Mary Marchante Psic\u00f3loga"},"image":{"@id":"https:\/\/marymarchantepsicologa.com\/#\/schema\/logo\/image\/"},"sameAs":["https:\/\/www.instagram.com\/marymarchantepsicologa\/","https:\/\/www.tiktok.com\/@marymarchantepsicologa"]}]}},"_links":{"self":[{"href":"https:\/\/marymarchantepsicologa.com\/en\/wp-json\/wp\/v2\/product\/2664","targetHints":{"allow":["GET"]}}],"collection":[{"href":"https:\/\/marymarchantepsicologa.com\/en\/wp-json\/wp\/v2\/product"}],"about":[{"href":"https:\/\/marymarchantepsicologa.com\/en\/wp-json\/wp\/v2\/types\/product"}],"replies":[{"embeddable":true,"href":"https:\/\/marymarchantepsicologa.com\/en\/wp-json\/wp\/v2\/comments?post=2664"}],"wp:featuredmedia":[{"embeddable":true,"href":"https:\/\/marymarchantepsicologa.com\/en\/wp-json\/wp\/v2\/media\/2743"}],"wp:attachment":[{"href":"https:\/\/marymarchantepsicologa.com\/en\/wp-json\/wp\/v2\/media?parent=2664"}],"wp:term":[{"taxonomy":"product_brand","embeddable":true,"href":"https:\/\/marymarchantepsicologa.com\/en\/wp-json\/wp\/v2\/product_brand?post=2664"},{"taxonomy":"product_cat","embeddable":true,"href":"https:\/\/marymarchantepsicologa.com\/en\/wp-json\/wp\/v2\/product_cat?post=2664"},{"taxonomy":"product_tag","embeddable":true,"href":"https:\/\/marymarchantepsicologa.com\/en\/wp-json\/wp\/v2\/product_tag?post=2664"}],"curies":[{"name":"wp","href":"https:\/\/api.w.org\/{rel}","templated":true}]}}