{"id":2562,"date":"2025-11-03T10:20:42","date_gmt":"2025-11-03T10:20:42","guid":{"rendered":"https:\/\/marymarchantepsicologa.com\/?page_id=2562"},"modified":"2026-03-21T23:14:54","modified_gmt":"2026-03-21T23:14:54","slug":"contacto","status":"publish","type":"page","link":"https:\/\/marymarchantepsicologa.com\/en\/contacto\/","title":{"rendered":"Contacto"},"content":{"rendered":"\t\t<div data-elementor-type=\"wp-page\" data-elementor-id=\"2562\" class=\"elementor elementor-2562\" data-elementor-post-type=\"page\">\n\t\t\t\t\t\t<section class=\"elementor-section elementor-top-section elementor-element elementor-element-44fdb36 elementor-section-full_width elementor-section-height-default elementor-section-height-default\" data-id=\"44fdb36\" data-element_type=\"section\" data-e-type=\"section\" data-settings=\"{&quot;background_background&quot;:&quot;classic&quot;}\">\n\t\t\t\t\t\t\t<div class=\"elementor-background-overlay\"><\/div>\n\t\t\t\t\t\t\t<div class=\"elementor-container elementor-column-gap-default\">\n\t\t\t\t\t<div class=\"elementor-column elementor-col-100 elementor-top-column elementor-element elementor-element-dbe7ee1\" data-id=\"dbe7ee1\" data-element_type=\"column\" data-e-type=\"column\">\n\t\t\t<div class=\"elementor-widget-wrap elementor-element-populated\">\n\t\t\t\t\t\t<div class=\"elementor-element elementor-element-5bcb23a elementor-widget elementor-widget-heading\" data-id=\"5bcb23a\" data-element_type=\"widget\" data-e-type=\"widget\" data-widget_type=\"heading.default\">\n\t\t\t\t<div class=\"elementor-widget-container\">\n\t\t\t\t\t<h2 class=\"elementor-heading-title elementor-size-default\">ES MOMENTO DE EMPEZAR<\/h2>\t\t\t\t<\/div>\n\t\t\t\t<\/div>\n\t\t\t\t<div class=\"elementor-element elementor-element-1d479fa elementor-widget elementor-widget-heading\" data-id=\"1d479fa\" data-element_type=\"widget\" data-e-type=\"widget\" data-widget_type=\"heading.default\">\n\t\t\t\t<div class=\"elementor-widget-container\">\n\t\t\t\t\t<h2 class=\"elementor-heading-title elementor-size-default\">Cont\u00e1ctanos y agenda tu <i>primera llamada<\/i><\/h2>\t\t\t\t<\/div>\n\t\t\t\t<\/div>\n\t\t\t\t<div class=\"elementor-element elementor-element-6066abb elementor-widget elementor-widget-heading\" data-id=\"6066abb\" data-element_type=\"widget\" data-e-type=\"widget\" data-widget_type=\"heading.default\">\n\t\t\t\t<div class=\"elementor-widget-container\">\n\t\t\t\t\t<h2 class=\"elementor-heading-title elementor-size-default\">Estamos listas para escucharte y resolver tus dudas. <br>\n<br>Rellena el formulario y te contactaremos en breve para planificar tu primer paso.<br><\/h2>\t\t\t\t<\/div>\n\t\t\t\t<\/div>\n\t\t\t\t\t<\/div>\n\t\t<\/div>\n\t\t\t\t\t<\/div>\n\t\t<\/section>\n\t\t\t\t<section class=\"elementor-section elementor-top-section elementor-element elementor-element-f1ee02f elementor-section-boxed elementor-section-height-default elementor-section-height-default\" data-id=\"f1ee02f\" data-element_type=\"section\" data-e-type=\"section\">\n\t\t\t\t\t\t<div class=\"elementor-container elementor-column-gap-wider\">\n\t\t\t\t\t<div class=\"elementor-column elementor-col-50 elementor-top-column elementor-element elementor-element-3d4ccb9\" data-id=\"3d4ccb9\" data-element_type=\"column\" data-e-type=\"column\">\n\t\t\t<div class=\"elementor-widget-wrap elementor-element-populated\">\n\t\t\t\t\t\t<div class=\"elementor-element elementor-element-67af06a elementor-widget elementor-widget-heading\" data-id=\"67af06a\" data-element_type=\"widget\" data-e-type=\"widget\" data-widget_type=\"heading.default\">\n\t\t\t\t<div class=\"elementor-widget-container\">\n\t\t\t\t\t<h2 class=\"elementor-heading-title elementor-size-default\">Tambi\u00e9n puedes contactarnos<\/h2>\t\t\t\t<\/div>\n\t\t\t\t<\/div>\n\t\t\t\t<div class=\"elementor-element elementor-element-7ece5ff elementor-widget__width-initial elementor-widget elementor-widget-text-editor\" data-id=\"7ece5ff\" data-element_type=\"widget\" data-e-type=\"widget\" data-widget_type=\"text-editor.default\">\n\t\t\t\t<div class=\"elementor-widget-container\">\n\t\t\t\t\t\t\t\t\t<p>Durante las sesiones, mantenemos todos los tel\u00e9fonos en silencio para ofrecer a cada persona toda nuestra atenci\u00f3n y un espacio libre de distracciones. Si no respondemos de inmediato, no te preocupes: significa que estamos acompa\u00f1ando a alguien en consulta.<\/p><p>En cuanto terminemos, estaremos encantadas de devolverte la llamada.<\/p><p>Tambi\u00e9n puedes escribirnos por Whatsapp o a trav\u00e9s del formulario de contacto en la web; leeremos tu mensaje con calma y te responderemos lo antes posible.<\/p>\t\t\t\t\t\t\t\t<\/div>\n\t\t\t\t<\/div>\n\t\t\t\t<div class=\"elementor-element elementor-element-4ea71fe elementor-icon-list--layout-traditional elementor-list-item-link-full_width elementor-widget elementor-widget-icon-list\" data-id=\"4ea71fe\" data-element_type=\"widget\" data-e-type=\"widget\" data-widget_type=\"icon-list.default\">\n\t\t\t\t<div class=\"elementor-widget-container\">\n\t\t\t\t\t\t\t<ul class=\"elementor-icon-list-items\">\n\t\t\t\t\t\t\t<li class=\"elementor-icon-list-item\">\n\t\t\t\t\t\t\t\t\t\t\t<a href=\"mailto:info@marymarchantepsicologia.com\" target=\"_blank\">\n\n\t\t\t\t\t\t\t\t\t\t\t\t<span class=\"elementor-icon-list-icon\">\n\t\t\t\t\t\t\t<i aria-hidden=\"true\" class=\"icon icon-envelope3\"><\/i>\t\t\t\t\t\t<\/span>\n\t\t\t\t\t\t\t\t\t\t<span class=\"elementor-icon-list-text\">marymarchantepsicologa@gmail.com<\/span>\n\t\t\t\t\t\t\t\t\t\t\t<\/a>\n\t\t\t\t\t\t\t\t\t<\/li>\n\t\t\t\t\t\t\t\t<li class=\"elementor-icon-list-item\">\n\t\t\t\t\t\t\t\t\t\t\t<a href=\"tel:643182725\" target=\"_blank\">\n\n\t\t\t\t\t\t\t\t\t\t\t\t<span class=\"elementor-icon-list-icon\">\n\t\t\t\t\t\t\t<i aria-hidden=\"true\" class=\"icon icon-whatsapp-2\"><\/i>\t\t\t\t\t\t<\/span>\n\t\t\t\t\t\t\t\t\t\t<span class=\"elementor-icon-list-text\">643 18 27 25<\/span>\n\t\t\t\t\t\t\t\t\t\t\t<\/a>\n\t\t\t\t\t\t\t\t\t<\/li>\n\t\t\t\t\t\t\t\t<li class=\"elementor-icon-list-item\">\n\t\t\t\t\t\t\t\t\t\t\t<a href=\"https:\/\/www.google.com\/maps\/dir\/\/C.+Guitarra,+Carabanchel,+28044+Madrid\/@40.3717534,-3.8352347,12z\/data=!4m8!4m7!1m0!1m5!1m1!1s0x6d9f57209a21150b:0x7260cd66cd119859!2m2!1d-3.7528338!2d40.3717826?hl=es-ES&#038;entry=ttu&#038;g_ep=EgoyMDI1MTAxNC4wIKXMDSoASAFQAw%3D%3D\" target=\"_blank\">\n\n\t\t\t\t\t\t\t\t\t\t\t\t<span class=\"elementor-icon-list-icon\">\n\t\t\t\t\t\t\t<i aria-hidden=\"true\" class=\"icon icon-map-marker1\"><\/i>\t\t\t\t\t\t<\/span>\n\t\t\t\t\t\t\t\t\t\t<span class=\"elementor-icon-list-text\">C. Guitarra, Carabanchel, 28044 Madrid<\/span>\n\t\t\t\t\t\t\t\t\t\t\t<\/a>\n\t\t\t\t\t\t\t\t\t<\/li>\n\t\t\t\t\t\t<\/ul>\n\t\t\t\t\t\t<\/div>\n\t\t\t\t<\/div>\n\t\t\t\t\t<\/div>\n\t\t<\/div>\n\t\t\t\t<div class=\"elementor-column elementor-col-50 elementor-top-column elementor-element elementor-element-6039318\" data-id=\"6039318\" data-element_type=\"column\" data-e-type=\"column\">\n\t\t\t<div class=\"elementor-widget-wrap elementor-element-populated\">\n\t\t\t\t\t\t<div class=\"elementor-element elementor-element-6722f68 elementor-widget elementor-widget-heading\" data-id=\"6722f68\" data-element_type=\"widget\" data-e-type=\"widget\" data-widget_type=\"heading.default\">\n\t\t\t\t<div class=\"elementor-widget-container\">\n\t\t\t\t\t<h2 class=\"elementor-heading-title elementor-size-default\">Comienza el cambio<\/h2>\t\t\t\t<\/div>\n\t\t\t\t<\/div>\n\t\t\t\t<div class=\"elementor-element elementor-element-644af45 elementor-widget__width-initial elementor-widget elementor-widget-text-editor\" data-id=\"644af45\" data-element_type=\"widget\" data-e-type=\"widget\" data-widget_type=\"text-editor.default\">\n\t\t\t\t<div class=\"elementor-widget-container\">\n\t\t\t\t\t\t\t\t\t<p>Cu\u00e9ntanos, te escuchamos. <br \/><br \/>Puedes enviarnos un mensaje a trav\u00e9s del formulario de contacto. Te leeremos con atenci\u00f3n y te responderemos lo antes posible.<\/p>\t\t\t\t\t\t\t\t<\/div>\n\t\t\t\t<\/div>\n\t\t\t\t<div class=\"elementor-element elementor-element-b0db210 elementor-button-align-stretch elementor-widget elementor-widget-form\" data-id=\"b0db210\" data-element_type=\"widget\" data-e-type=\"widget\" data-settings=\"{&quot;step_next_label&quot;:&quot;Next&quot;,&quot;step_previous_label&quot;:&quot;Previous&quot;,&quot;button_width&quot;:&quot;100&quot;,&quot;step_type&quot;:&quot;number_text&quot;,&quot;step_icon_shape&quot;:&quot;circle&quot;}\" data-widget_type=\"form.default\">\n\t\t\t\t<div class=\"elementor-widget-container\">\n\t\t\t\t\t\t\t<form class=\"elementor-form\" method=\"post\" name=\"New Form\">\n\t\t\t<input type=\"hidden\" name=\"post_id\" value=\"2562\"\/>\n\t\t\t<input type=\"hidden\" name=\"form_id\" value=\"b0db210\"\/>\n\t\t\t<input type=\"hidden\" name=\"referer_title\" value=\"Contacto - Mary Marchante\" \/>\n\n\t\t\t\t\t\t\t<input type=\"hidden\" name=\"queried_id\" value=\"2562\"\/>\n\t\t\t\n\t\t\t<div class=\"elementor-form-fields-wrapper elementor-labels-above\">\n\t\t\t\t\t\t\t\t<div class=\"elementor-field-type-text elementor-field-group elementor-column elementor-field-group-name elementor-col-100\">\n\t\t\t\t\t\t\t\t\t\t\t\t\t<input size=\"1\" type=\"text\" name=\"form_fields[name]\" id=\"form-field-name\" class=\"elementor-field elementor-size-sm  elementor-field-textual\" placeholder=\"Nombre completo\">\n\t\t\t\t\t\t\t\t\t\t\t<\/div>\n\t\t\t\t\t\t\t\t<div class=\"elementor-field-type-text elementor-field-group elementor-column elementor-field-group-field_6a511d7 elementor-col-50 elementor-field-required\">\n\t\t\t\t\t\t\t\t\t\t\t\t\t<input size=\"1\" type=\"text\" name=\"form_fields[field_6a511d7]\" id=\"form-field-field_6a511d7\" class=\"elementor-field elementor-size-sm  elementor-field-textual\" placeholder=\"Tel\u00e9fono\" required=\"required\">\n\t\t\t\t\t\t\t\t\t\t\t<\/div>\n\t\t\t\t\t\t\t\t<div class=\"elementor-field-type-email elementor-field-group elementor-column elementor-field-group-email elementor-col-50 elementor-field-required\">\n\t\t\t\t\t\t\t\t\t\t\t\t\t<input size=\"1\" type=\"email\" name=\"form_fields[email]\" id=\"form-field-email\" class=\"elementor-field elementor-size-sm  elementor-field-textual\" placeholder=\"Email\" required=\"required\">\n\t\t\t\t\t\t\t\t\t\t\t<\/div>\n\t\t\t\t\t\t\t\t<div class=\"elementor-field-type-textarea elementor-field-group elementor-column elementor-field-group-message elementor-col-100\">\n\t\t\t\t\t<textarea class=\"elementor-field-textual elementor-field  elementor-size-sm\" name=\"form_fields[message]\" id=\"form-field-message\" rows=\"4\" placeholder=\"\u00bfEn qu\u00e9 podemos ayudarte?\"><\/textarea>\t\t\t\t<\/div>\n\t\t\t\t\t\t\t\t<div class=\"elementor-field-type-html elementor-field-group elementor-column elementor-field-group-field_ea7e7da elementor-col-100\">\n\t\t\t\t\t<!-- \n    Fragmento de c\u00f3digo HTML y CSS para ser insertado en un formulario. \n    Contiene la declaraci\u00f3n legal y el enlace a la pol\u00edtica de privacidad.\n    El texto completo est\u00e1 configurado a 10px y color #a15534.\n-->\n\n<style>\n    \/* Estilos necesarios para el bloque de texto de privacidad *\/\n    .texto-legal-10px {\n        font-size: 10px; \/* Tama\u00f1o de letra a 10px para todo el bloque *\/\n        line-height: 1.4; \/* Ajuste para que el texto no quede pegado *\/\n        color: #a15534; \/* Color base del texto (a15534) *\/\n    }\n\n    \/* Estilos para el enlace, usa el mismo color base *\/\n    .enlace-privacidad {\n        color: #a15534; \n    }\n    \n    \/* Estilos para el hover del enlace (manteniendo #7c6e4e) *\/\n    .enlace-privacidad:hover {\n        color: #7c6e4e; \n    }\n<\/style>\n\n<!-- Se han eliminado las clases de Tailwind: text-gray-600, border, rounded-lg, bg-gray-50, y se ha reducido el padding a p-0. -->\n<div class=\"leading-relaxed p-0 texto-legal-10px\">\n    Los datos de car\u00e1cter personal que consten en la consulta ser\u00e1n tratados por \n    <!-- La clase 'font-semibold' mantiene el texto en negrita, heredando el color #a15534 -->\n    <span class=\"font-semibold\">MARIA DEL CARMEN FERNANDEZ MARCHANTE<\/span> \n    e incorporados a la actividad de tratamiento CONTACTOS, cuya finalidad es atender tus solicitudes, peticiones o consultas recibidas desde la web, mediante correo electr\u00f3nico o telef\u00f3nico. \n    Dar respuesta a tu solicitud y hacer un seguimiento posterior. La legitimaci\u00f3n del tratamiento es tu consentimiento. \n    Tus datos no ser\u00e1n cedidos a terceros. Tienes derecho a acceder, rectificar y suprimir tus datos, as\u00ed como otros derechos como se explica en nuestra \n    <a \n        href=\"https:\/\/www.adelopd.com\/privacidad\/mary-marchante-psicologa\" \n        target=\"_blank\" \n        rel=\"noopener noreferrer\" \n        class=\"font-medium underline focus:outline-none focus:ring-2 focus:ring-indigo-500 focus:ring-opacity-50 rounded-sm enlace-privacidad\"\n        title=\"Ir a la Pol\u00edtica de Privacidad\"\n    >\n        pol\u00edtica de privacidad\n    <\/a>\n    .\n<\/div>\t\t\t\t<\/div>\n\t\t\t\t\t\t\t\t<div class=\"elementor-field-group elementor-column elementor-field-type-submit elementor-col-100 e-form__buttons\">\n\t\t\t\t\t<button class=\"elementor-button elementor-size-sm\" type=\"submit\">\n\t\t\t\t\t\t<span class=\"elementor-button-content-wrapper\">\n\t\t\t\t\t\t\t\t\t\t\t\t\t\t\t\t\t\t\t\t\t\t<span class=\"elementor-button-text\">Enviar<\/span>\n\t\t\t\t\t\t\t\t\t\t\t\t\t<\/span>\n\t\t\t\t\t<\/button>\n\t\t\t\t<\/div>\n\t\t\t<\/div>\n\t\t<\/form>\n\t\t\t\t\t\t<\/div>\n\t\t\t\t<\/div>\n\t\t\t\t\t<\/div>\n\t\t<\/div>\n\t\t\t\t\t<\/div>\n\t\t<\/section>\n\t\t\t\t<\/div>\n\t\t","protected":false},"excerpt":{"rendered":"<p>ES MOMENTO DE EMPEZAR Cont\u00e1ctanos y agenda tu primera llamada Estamos listas para escucharte y resolver tus dudas. Rellena el formulario y te contactaremos en breve para planificar tu primer paso. Tambi\u00e9n puedes contactarnos Durante las sesiones, mantenemos todos los tel\u00e9fonos en silencio para ofrecer a cada persona toda nuestra atenci\u00f3n y un espacio libre [&hellip;]<\/p>\n","protected":false},"author":1,"featured_media":0,"parent":0,"menu_order":0,"comment_status":"closed","ping_status":"closed","template":"","meta":{"footnotes":""},"class_list":["post-2562","page","type-page","status-publish","hentry"],"yoast_head":"<!-- This site is optimized with the Yoast SEO plugin v27.5 - https:\/\/yoast.com\/product\/yoast-seo-wordpress\/ -->\n<title>Contacto - Mary Marchante<\/title>\n<meta name=\"description\" content=\"Contacta con nosotras y comienza a sentirte mejor. Estamos aqu\u00ed para acompa\u00f1arte y resolver tus dudas cuando lo necesites.\" \/>\n<meta name=\"robots\" content=\"index, follow, max-snippet:-1, max-image-preview:large, max-video-preview:-1\" \/>\n<link rel=\"canonical\" href=\"https:\/\/marymarchantepsicologa.com\/en\/contacto\/\" \/>\n<meta property=\"og:locale\" content=\"en_US\" \/>\n<meta property=\"og:type\" content=\"article\" \/>\n<meta property=\"og:title\" content=\"Contacto - Mary Marchante\" \/>\n<meta property=\"og:description\" content=\"Contacta con nosotras y comienza a sentirte mejor. Estamos aqu\u00ed para acompa\u00f1arte y resolver tus dudas cuando lo necesites.\" \/>\n<meta property=\"og:url\" content=\"https:\/\/marymarchantepsicologa.com\/en\/contacto\/\" \/>\n<meta property=\"og:site_name\" content=\"Mary Marchante\" \/>\n<meta property=\"article:publisher\" content=\"https:\/\/www.instagram.com\/marymarchantepsicologa\/\" \/>\n<meta property=\"article:modified_time\" content=\"2026-03-21T23:14:54+00:00\" \/>\n<meta name=\"twitter:card\" content=\"summary_large_image\" \/>\n<meta name=\"twitter:label1\" content=\"Est. reading time\" \/>\n\t<meta name=\"twitter:data1\" content=\"2 minutes\" \/>\n<script type=\"application\/ld+json\" class=\"yoast-schema-graph\">{\"@context\":\"https:\\\/\\\/schema.org\",\"@graph\":[{\"@type\":\"WebPage\",\"@id\":\"https:\\\/\\\/marymarchantepsicologa.com\\\/contacto\\\/\",\"url\":\"https:\\\/\\\/marymarchantepsicologa.com\\\/contacto\\\/\",\"name\":\"Contacto - Mary Marchante\",\"isPartOf\":{\"@id\":\"https:\\\/\\\/marymarchantepsicologa.com\\\/#website\"},\"datePublished\":\"2025-11-03T10:20:42+00:00\",\"dateModified\":\"2026-03-21T23:14:54+00:00\",\"description\":\"Contacta con nosotras y comienza a sentirte mejor. Estamos aqu\u00ed para acompa\u00f1arte y resolver tus dudas cuando lo necesites.\",\"breadcrumb\":{\"@id\":\"https:\\\/\\\/marymarchantepsicologa.com\\\/contacto\\\/#breadcrumb\"},\"inLanguage\":\"en-US\",\"potentialAction\":[{\"@type\":\"ReadAction\",\"target\":[\"https:\\\/\\\/marymarchantepsicologa.com\\\/contacto\\\/\"]}]},{\"@type\":\"BreadcrumbList\",\"@id\":\"https:\\\/\\\/marymarchantepsicologa.com\\\/contacto\\\/#breadcrumb\",\"itemListElement\":[{\"@type\":\"ListItem\",\"position\":1,\"name\":\"Inicio\",\"item\":\"https:\\\/\\\/marymarchantepsicologa.com\\\/\"},{\"@type\":\"ListItem\",\"position\":2,\"name\":\"Contacto\"}]},{\"@type\":\"WebSite\",\"@id\":\"https:\\\/\\\/marymarchantepsicologa.com\\\/#website\",\"url\":\"https:\\\/\\\/marymarchantepsicologa.com\\\/\",\"name\":\"www.marymarchantepsicologa.com\",\"description\":\"Psic\u00f3loga en Carabanchel Alto\",\"publisher\":{\"@id\":\"https:\\\/\\\/marymarchantepsicologa.com\\\/#organization\"},\"potentialAction\":[{\"@type\":\"SearchAction\",\"target\":{\"@type\":\"EntryPoint\",\"urlTemplate\":\"https:\\\/\\\/marymarchantepsicologa.com\\\/?s={search_term_string}\"},\"query-input\":{\"@type\":\"PropertyValueSpecification\",\"valueRequired\":true,\"valueName\":\"search_term_string\"}}],\"inLanguage\":\"en-US\"},{\"@type\":\"Organization\",\"@id\":\"https:\\\/\\\/marymarchantepsicologa.com\\\/#organization\",\"name\":\"Mary Marchante Psic\u00f3loga\",\"url\":\"https:\\\/\\\/marymarchantepsicologa.com\\\/\",\"logo\":{\"@type\":\"ImageObject\",\"inLanguage\":\"en-US\",\"@id\":\"https:\\\/\\\/marymarchantepsicologa.com\\\/#\\\/schema\\\/logo\\\/image\\\/\",\"url\":\"https:\\\/\\\/marymarchantepsicologa.com\\\/wp-content\\\/uploads\\\/2022\\\/07\\\/Mary-Marchante-con-fondo-logo-.png\",\"contentUrl\":\"https:\\\/\\\/marymarchantepsicologa.com\\\/wp-content\\\/uploads\\\/2022\\\/07\\\/Mary-Marchante-con-fondo-logo-.png\",\"width\":500,\"height\":500,\"caption\":\"Mary Marchante Psic\u00f3loga\"},\"image\":{\"@id\":\"https:\\\/\\\/marymarchantepsicologa.com\\\/#\\\/schema\\\/logo\\\/image\\\/\"},\"sameAs\":[\"https:\\\/\\\/www.instagram.com\\\/marymarchantepsicologa\\\/\",\"https:\\\/\\\/www.tiktok.com\\\/@marymarchantepsicologa\"]}]}<\/script>\n<!-- \/ Yoast SEO plugin. -->","yoast_head_json":{"title":"Contacto - Mary Marchante","description":"Contacta con nosotras y comienza a sentirte mejor. Estamos aqu\u00ed para acompa\u00f1arte y resolver tus dudas cuando lo necesites.","robots":{"index":"index","follow":"follow","max-snippet":"max-snippet:-1","max-image-preview":"max-image-preview:large","max-video-preview":"max-video-preview:-1"},"canonical":"https:\/\/marymarchantepsicologa.com\/en\/contacto\/","og_locale":"en_US","og_type":"article","og_title":"Contacto - Mary Marchante","og_description":"Contacta con nosotras y comienza a sentirte mejor. Estamos aqu\u00ed para acompa\u00f1arte y resolver tus dudas cuando lo necesites.","og_url":"https:\/\/marymarchantepsicologa.com\/en\/contacto\/","og_site_name":"Mary Marchante","article_publisher":"https:\/\/www.instagram.com\/marymarchantepsicologa\/","article_modified_time":"2026-03-21T23:14:54+00:00","twitter_card":"summary_large_image","twitter_misc":{"Est. reading time":"2 minutes"},"schema":{"@context":"https:\/\/schema.org","@graph":[{"@type":"WebPage","@id":"https:\/\/marymarchantepsicologa.com\/contacto\/","url":"https:\/\/marymarchantepsicologa.com\/contacto\/","name":"Contacto - Mary Marchante","isPartOf":{"@id":"https:\/\/marymarchantepsicologa.com\/#website"},"datePublished":"2025-11-03T10:20:42+00:00","dateModified":"2026-03-21T23:14:54+00:00","description":"Contacta con nosotras y comienza a sentirte mejor. Estamos aqu\u00ed para acompa\u00f1arte y resolver tus dudas cuando lo necesites.","breadcrumb":{"@id":"https:\/\/marymarchantepsicologa.com\/contacto\/#breadcrumb"},"inLanguage":"en-US","potentialAction":[{"@type":"ReadAction","target":["https:\/\/marymarchantepsicologa.com\/contacto\/"]}]},{"@type":"BreadcrumbList","@id":"https:\/\/marymarchantepsicologa.com\/contacto\/#breadcrumb","itemListElement":[{"@type":"ListItem","position":1,"name":"Inicio","item":"https:\/\/marymarchantepsicologa.com\/"},{"@type":"ListItem","position":2,"name":"Contacto"}]},{"@type":"WebSite","@id":"https:\/\/marymarchantepsicologa.com\/#website","url":"https:\/\/marymarchantepsicologa.com\/","name":"www.marymarchantepsicologa.com","description":"Psic\u00f3loga en Carabanchel Alto","publisher":{"@id":"https:\/\/marymarchantepsicologa.com\/#organization"},"potentialAction":[{"@type":"SearchAction","target":{"@type":"EntryPoint","urlTemplate":"https:\/\/marymarchantepsicologa.com\/?s={search_term_string}"},"query-input":{"@type":"PropertyValueSpecification","valueRequired":true,"valueName":"search_term_string"}}],"inLanguage":"en-US"},{"@type":"Organization","@id":"https:\/\/marymarchantepsicologa.com\/#organization","name":"Mary Marchante Psic\u00f3loga","url":"https:\/\/marymarchantepsicologa.com\/","logo":{"@type":"ImageObject","inLanguage":"en-US","@id":"https:\/\/marymarchantepsicologa.com\/#\/schema\/logo\/image\/","url":"https:\/\/marymarchantepsicologa.com\/wp-content\/uploads\/2022\/07\/Mary-Marchante-con-fondo-logo-.png","contentUrl":"https:\/\/marymarchantepsicologa.com\/wp-content\/uploads\/2022\/07\/Mary-Marchante-con-fondo-logo-.png","width":500,"height":500,"caption":"Mary Marchante Psic\u00f3loga"},"image":{"@id":"https:\/\/marymarchantepsicologa.com\/#\/schema\/logo\/image\/"},"sameAs":["https:\/\/www.instagram.com\/marymarchantepsicologa\/","https:\/\/www.tiktok.com\/@marymarchantepsicologa"]}]}},"_links":{"self":[{"href":"https:\/\/marymarchantepsicologa.com\/en\/wp-json\/wp\/v2\/pages\/2562","targetHints":{"allow":["GET"]}}],"collection":[{"href":"https:\/\/marymarchantepsicologa.com\/en\/wp-json\/wp\/v2\/pages"}],"about":[{"href":"https:\/\/marymarchantepsicologa.com\/en\/wp-json\/wp\/v2\/types\/page"}],"author":[{"embeddable":true,"href":"https:\/\/marymarchantepsicologa.com\/en\/wp-json\/wp\/v2\/users\/1"}],"replies":[{"embeddable":true,"href":"https:\/\/marymarchantepsicologa.com\/en\/wp-json\/wp\/v2\/comments?post=2562"}],"version-history":[{"count":32,"href":"https:\/\/marymarchantepsicologa.com\/en\/wp-json\/wp\/v2\/pages\/2562\/revisions"}],"predecessor-version":[{"id":3509,"href":"https:\/\/marymarchantepsicologa.com\/en\/wp-json\/wp\/v2\/pages\/2562\/revisions\/3509"}],"wp:attachment":[{"href":"https:\/\/marymarchantepsicologa.com\/en\/wp-json\/wp\/v2\/media?parent=2562"}],"curies":[{"name":"wp","href":"https:\/\/api.w.org\/{rel}","templated":true}]}}