{"id":2507,"date":"2025-11-18T16:13:57","date_gmt":"2025-11-18T16:13:57","guid":{"rendered":"https:\/\/marymarchantepsicologa.com\/?page_id=2507"},"modified":"2026-01-22T10:42:43","modified_gmt":"2026-01-22T10:42:43","slug":"reembolso_devoluciones","status":"publish","type":"page","link":"https:\/\/marymarchantepsicologa.com\/en\/reembolso_devoluciones\/","title":{"rendered":"T\u00e9rminos y condiciones de venta"},"content":{"rendered":"<div data-elementor-type=\"wp-page\" data-elementor-id=\"2507\" class=\"elementor elementor-2507\" data-elementor-post-type=\"page\">\n\t\t\t\t\t\t<section class=\"elementor-section elementor-top-section elementor-element elementor-element-c5b7407 elementor-section-boxed elementor-section-height-default elementor-section-height-default\" data-id=\"c5b7407\" data-element_type=\"section\" data-e-type=\"section\" data-settings=\"{&quot;background_background&quot;:&quot;classic&quot;}\">\n\t\t\t\t\t\t<div class=\"elementor-container elementor-column-gap-default\">\n\t\t\t\t\t<div class=\"elementor-column elementor-col-100 elementor-top-column elementor-element elementor-element-7621097\" data-id=\"7621097\" data-element_type=\"column\" data-e-type=\"column\">\n\t\t\t<div class=\"elementor-widget-wrap elementor-element-populated\">\n\t\t\t\t\t\t<div class=\"elementor-element elementor-element-3526f25 elementor-widget elementor-widget-spacer\" data-id=\"3526f25\" data-element_type=\"widget\" data-e-type=\"widget\" data-widget_type=\"spacer.default\">\n\t\t\t\t<div class=\"elementor-widget-container\">\n\t\t\t\t\t\t\t<div class=\"elementor-spacer\">\n\t\t\t<div class=\"elementor-spacer-inner\"><\/div>\n\t\t<\/div>\n\t\t\t\t\t\t<\/div>\n\t\t\t\t<\/div>\n\t\t\t\t\t<\/div>\n\t\t<\/div>\n\t\t\t\t\t<\/div>\n\t\t<\/section>\n\t\t\t\t<section class=\"elementor-section elementor-top-section elementor-element elementor-element-22b87cc elementor-section-boxed elementor-section-height-default elementor-section-height-default\" data-id=\"22b87cc\" data-element_type=\"section\" data-e-type=\"section\">\n\t\t\t\t\t\t<div class=\"elementor-container elementor-column-gap-default\">\n\t\t\t\t\t<div class=\"elementor-column elementor-col-100 elementor-top-column elementor-element elementor-element-dd151e1\" data-id=\"dd151e1\" data-element_type=\"column\" data-e-type=\"column\">\n\t\t\t<div class=\"elementor-widget-wrap elementor-element-populated\">\n\t\t\t\t\t\t<div class=\"elementor-element elementor-element-db47db9 elementor-widget elementor-widget-heading\" data-id=\"db47db9\" data-element_type=\"widget\" data-e-type=\"widget\" data-widget_type=\"heading.default\">\n\t\t\t\t<div class=\"elementor-widget-container\">\n\t\t\t\t\t<h2 class=\"elementor-heading-title elementor-size-default\">T\u00e9rminos y condiciones de venta<\/h2>\t\t\t\t<\/div>\n\t\t\t\t<\/div>\n\t\t\t\t\t<\/div>\n\t\t<\/div>\n\t\t\t\t\t<\/div>\n\t\t<\/section>\n\t\t\t\t<section class=\"elementor-section elementor-top-section elementor-element elementor-element-5b2eb59b elementor-section-boxed elementor-section-height-default elementor-section-height-default\" data-id=\"5b2eb59b\" data-element_type=\"section\" data-e-type=\"section\">\n\t\t\t\t\t\t<div class=\"elementor-container elementor-column-gap-default\">\n\t\t\t\t\t<div class=\"elementor-column elementor-col-100 elementor-top-column elementor-element elementor-element-ac62e09\" data-id=\"ac62e09\" data-element_type=\"column\" data-e-type=\"column\">\n\t\t\t<div class=\"elementor-widget-wrap elementor-element-populated\">\n\t\t\t\t\t\t<div class=\"elementor-element elementor-element-73ff51e8 elementor-widget elementor-widget-text-editor\" data-id=\"73ff51e8\" data-element_type=\"widget\" data-e-type=\"widget\" data-widget_type=\"text-editor.default\">\n\t\t\t\t<div class=\"elementor-widget-container\">\n\t\t\t\t\t\t\t\t\t<p>DATOS IDENTIFICATIVOS DE LA EMPRESA:<\/p><p>MAR\u00cdA DEL CARMEN FERN\u00c1NDEZ MARCHANTE<br \/>Calle Galera, N\u00famero 6,11100, San Fernando (C\u00c1DIZ)<br \/>Espa\u00f1a<br \/>Web: https:\/\/marymarchantepsicologa.com<br \/>Correo electr\u00f3nico: marymarchantepsicologa@gmail.com<br \/>N\u00famero de tel\u00e9fono: 643182725<\/p><p>\u00c1MBITO DEL CONTRATO: Los presentes condiciones generales de compra se aplican a la venta de todos los productos de nuestra p\u00e1gina web y por otras v\u00edas de contacto a consumidores que se les pueda entregar pedido. Clientes mayores de edad (+18 a\u00f1os) Se le reserva el derecho a cancelar la cuenta de acceso de un cliente si se detectan actos fraudulentos, especulativos o de mala fe en la utilizaci\u00f3n de este servicio.<\/p><p>M\u00c9TODO DE PAGO: Las compras realizadas pueden ser abonadas por distintos m\u00e9todos de pago. Disponemos de los siguientes m\u00e9todos de pago:<br \/>&#8211; Transferencia bancaria<\/p><p>Los proveedores o emisores de medios de pago pueden adoptar medidas antifraude que conlleven el rechazo de cierto tipo de operaciones. La empresa no es responsable de la aplicaci\u00f3n de este tipo de pol\u00edticas de seguridad.<\/p><p>PRECIO: Los precios de los productos que aparecen detallados incluyen el I.V.A (Impuesto sobre Valor A\u00f1adido), IGIC (Impuesto General Indirecto Canario), o IPSI (Impuesto sobre la Producci\u00f3n, los Servicios y la Importaci\u00f3n en Ceuta y Melilla), seg\u00fan corresponda, se pueden aplicar descuentos, rappels\u2026 El precio puede variar seg\u00fan los IVAS Establecidos por la ley.<\/p><p>ENTREGA: El plazo de activaci\u00f3n de la plataforma es inmediato, siempre y cuando no existan errores t\u00e9cnicos.<br \/>En el posible caso de no recibir el acceso, puede ponerse en contacto con nosotros para proceder a su reclamaci\u00f3n.<\/p><p>CAMBIOS Y DEVOLUCIONES: No se reembolsar\u00e1 el importe de los programas, excepto en aquellos en los que se ofrezca expl\u00edcitamente un periodo de prueba.<\/p><p>ATENCI\u00d3N AL CLIENTE: Para cualquier reclamaci\u00f3n, duda o sugerencia puede ponerse en contacto con nosotros llamando al 643182725 de Lunes a viernes de 10:00h a 18:00h o por correo electr\u00f3nico marymarchantepsicologa@gmail.com . Le recordamos que dispone de un apartado de contacto en nuestra p\u00e1gina web.<\/p><p>El Servicio de Atenci\u00f3n al Cliente atender\u00e1 y dar\u00e1 respuesta a su reclamaci\u00f3n a la mayor brevedad posible, y en todo caso en el plazo m\u00e1ximo de un mes.<\/p><p>MODIFICACI\u00d3N DE LAS CONDICIONES GENERALES DE COMPRA.<br \/>La empresa se reserva el derecho de modificar en cualquier momento las presentes Condiciones Generales de Compra. Ninguna modificaci\u00f3n afectar\u00e1 a las plataformas que ya est\u00e9n activas.<\/p><p>FUERZA MAYOR. El cumplimiento por la empresa de la totalidad o de parte de sus obligaciones ser\u00e1 suspendida en caso de que sobrevenga un caso fortuito o de fuerza mayor que impida o retrase el cumplimiento. Ser\u00e1n considerados como tales, en particular, sin que esta lista sea limitativa: la guerra, los motines, la insurrecci\u00f3n, los disturbios sociales, las huelgas de cualquier naturaleza y los problemas de suministro no imputables a la empresa. La empresa le informar\u00e1 al cliente de semejante caso fortuito o de fuerza mayor dentro los siete d\u00edas posteriores a su ocurrencia.<\/p><p>LEY APLICABLE Y JURIDISCCI\u00d3N: Las presentes Condiciones Generales de Compra est\u00e1n sometidas a la legislaci\u00f3n espa\u00f1ola. Sin perjuicio de lo anterior, el consumidor no residente en Espa\u00f1a goza de la protecci\u00f3n que le garantizan las disposiciones imperativas del derecho del pa\u00eds donde tenga su residencia habitual. Las partes se someten, a su elecci\u00f3n, para la resoluci\u00f3n de los conflictos y con renuncia a cualquier otro fuero, a los juzgados y tribunales del domicilio del cliente.<\/p>\t\t\t\t\t\t\t\t<\/div>\n\t\t\t\t<\/div>\n\t\t\t\t\t<\/div>\n\t\t<\/div>\n\t\t\t\t\t<\/div>\n\t\t<\/section>\n\t\t\t\t<\/div>","protected":false},"excerpt":{"rendered":"<p>T\u00e9rminos y condiciones de venta DATOS IDENTIFICATIVOS DE LA EMPRESA: MAR\u00cdA DEL CARMEN FERN\u00c1NDEZ MARCHANTE Calle Galera, N\u00famero 6,11100, San Fernando (C\u00c1DIZ) Espa\u00f1a Web: https:\/\/marymarchantepsicologa.com Correo electr\u00f3nico: marymarchantepsicologa@gmail.com N\u00famero de tel\u00e9fono: 643182725 \u00c1MBITO DEL CONTRATO: Los presentes condiciones generales de compra se aplican a la venta de todos los productos de nuestra p\u00e1gina web y [&hellip;]<\/p>\n","protected":false},"author":1,"featured_media":0,"parent":0,"menu_order":0,"comment_status":"closed","ping_status":"closed","template":"","meta":{"footnotes":""},"class_list":["post-2507","page","type-page","status-publish","hentry"],"yoast_head":"<!-- This site is optimized with the Yoast SEO plugin v27.5 - https:\/\/yoast.com\/product\/yoast-seo-wordpress\/ -->\n<title>T\u00e9rminos y condiciones de venta - Mary Marchante<\/title>\n<meta name=\"robots\" content=\"noindex, nofollow\" \/>\n<meta property=\"og:locale\" content=\"en_US\" \/>\n<meta property=\"og:type\" content=\"article\" \/>\n<meta property=\"og:title\" content=\"T\u00e9rminos y condiciones de venta - Mary Marchante\" \/>\n<meta property=\"og:description\" content=\"T\u00e9rminos y condiciones de venta DATOS IDENTIFICATIVOS DE LA EMPRESA: MAR\u00cdA DEL CARMEN FERN\u00c1NDEZ MARCHANTE Calle Galera, N\u00famero 6,11100, San Fernando (C\u00c1DIZ) Espa\u00f1a Web: https:\/\/marymarchantepsicologa.com Correo electr\u00f3nico: marymarchantepsicologa@gmail.com N\u00famero de tel\u00e9fono: 643182725 \u00c1MBITO DEL CONTRATO: Los presentes condiciones generales de compra se aplican a la venta de todos los productos de nuestra p\u00e1gina web y [&hellip;]\" \/>\n<meta property=\"og:url\" content=\"https:\/\/marymarchantepsicologa.com\/en\/reembolso_devoluciones\/\" \/>\n<meta property=\"og:site_name\" content=\"Mary Marchante\" \/>\n<meta property=\"article:publisher\" content=\"https:\/\/www.instagram.com\/marymarchantepsicologa\/\" \/>\n<meta property=\"article:modified_time\" content=\"2026-01-22T10:42:43+00:00\" \/>\n<meta name=\"twitter:card\" content=\"summary_large_image\" \/>\n<meta name=\"twitter:label1\" content=\"Est. reading time\" \/>\n\t<meta name=\"twitter:data1\" content=\"3 minutes\" \/>\n<script type=\"application\/ld+json\" class=\"yoast-schema-graph\">{\"@context\":\"https:\\\/\\\/schema.org\",\"@graph\":[{\"@type\":\"WebPage\",\"@id\":\"https:\\\/\\\/marymarchantepsicologa.com\\\/reembolso_devoluciones\\\/\",\"url\":\"https:\\\/\\\/marymarchantepsicologa.com\\\/reembolso_devoluciones\\\/\",\"name\":\"T\u00e9rminos y condiciones de venta - Mary Marchante\",\"isPartOf\":{\"@id\":\"https:\\\/\\\/marymarchantepsicologa.com\\\/#website\"},\"datePublished\":\"2025-11-18T16:13:57+00:00\",\"dateModified\":\"2026-01-22T10:42:43+00:00\",\"breadcrumb\":{\"@id\":\"https:\\\/\\\/marymarchantepsicologa.com\\\/reembolso_devoluciones\\\/#breadcrumb\"},\"inLanguage\":\"en-US\",\"potentialAction\":[{\"@type\":\"ReadAction\",\"target\":[\"https:\\\/\\\/marymarchantepsicologa.com\\\/reembolso_devoluciones\\\/\"]}]},{\"@type\":\"BreadcrumbList\",\"@id\":\"https:\\\/\\\/marymarchantepsicologa.com\\\/reembolso_devoluciones\\\/#breadcrumb\",\"itemListElement\":[{\"@type\":\"ListItem\",\"position\":1,\"name\":\"Inicio\",\"item\":\"https:\\\/\\\/marymarchantepsicologa.com\\\/\"},{\"@type\":\"ListItem\",\"position\":2,\"name\":\"T\u00e9rminos y condiciones de venta\"}]},{\"@type\":\"WebSite\",\"@id\":\"https:\\\/\\\/marymarchantepsicologa.com\\\/#website\",\"url\":\"https:\\\/\\\/marymarchantepsicologa.com\\\/\",\"name\":\"www.marymarchantepsicologa.com\",\"description\":\"Psic\u00f3loga en Carabanchel Alto\",\"publisher\":{\"@id\":\"https:\\\/\\\/marymarchantepsicologa.com\\\/#organization\"},\"potentialAction\":[{\"@type\":\"SearchAction\",\"target\":{\"@type\":\"EntryPoint\",\"urlTemplate\":\"https:\\\/\\\/marymarchantepsicologa.com\\\/?s={search_term_string}\"},\"query-input\":{\"@type\":\"PropertyValueSpecification\",\"valueRequired\":true,\"valueName\":\"search_term_string\"}}],\"inLanguage\":\"en-US\"},{\"@type\":\"Organization\",\"@id\":\"https:\\\/\\\/marymarchantepsicologa.com\\\/#organization\",\"name\":\"Mary Marchante Psic\u00f3loga\",\"url\":\"https:\\\/\\\/marymarchantepsicologa.com\\\/\",\"logo\":{\"@type\":\"ImageObject\",\"inLanguage\":\"en-US\",\"@id\":\"https:\\\/\\\/marymarchantepsicologa.com\\\/#\\\/schema\\\/logo\\\/image\\\/\",\"url\":\"https:\\\/\\\/marymarchantepsicologa.com\\\/wp-content\\\/uploads\\\/2022\\\/07\\\/Mary-Marchante-con-fondo-logo-.png\",\"contentUrl\":\"https:\\\/\\\/marymarchantepsicologa.com\\\/wp-content\\\/uploads\\\/2022\\\/07\\\/Mary-Marchante-con-fondo-logo-.png\",\"width\":500,\"height\":500,\"caption\":\"Mary Marchante Psic\u00f3loga\"},\"image\":{\"@id\":\"https:\\\/\\\/marymarchantepsicologa.com\\\/#\\\/schema\\\/logo\\\/image\\\/\"},\"sameAs\":[\"https:\\\/\\\/www.instagram.com\\\/marymarchantepsicologa\\\/\",\"https:\\\/\\\/www.tiktok.com\\\/@marymarchantepsicologa\"]}]}<\/script>\n<!-- \/ Yoast SEO plugin. -->","yoast_head_json":{"title":"T\u00e9rminos y condiciones de venta - Mary Marchante","robots":{"index":"noindex","follow":"nofollow"},"og_locale":"en_US","og_type":"article","og_title":"T\u00e9rminos y condiciones de venta - Mary Marchante","og_description":"T\u00e9rminos y condiciones de venta DATOS IDENTIFICATIVOS DE LA EMPRESA: MAR\u00cdA DEL CARMEN FERN\u00c1NDEZ MARCHANTE Calle Galera, N\u00famero 6,11100, San Fernando (C\u00c1DIZ) Espa\u00f1a Web: https:\/\/marymarchantepsicologa.com Correo electr\u00f3nico: marymarchantepsicologa@gmail.com N\u00famero de tel\u00e9fono: 643182725 \u00c1MBITO DEL CONTRATO: Los presentes condiciones generales de compra se aplican a la venta de todos los productos de nuestra p\u00e1gina web y [&hellip;]","og_url":"https:\/\/marymarchantepsicologa.com\/en\/reembolso_devoluciones\/","og_site_name":"Mary Marchante","article_publisher":"https:\/\/www.instagram.com\/marymarchantepsicologa\/","article_modified_time":"2026-01-22T10:42:43+00:00","twitter_card":"summary_large_image","twitter_misc":{"Est. reading time":"3 minutes"},"schema":{"@context":"https:\/\/schema.org","@graph":[{"@type":"WebPage","@id":"https:\/\/marymarchantepsicologa.com\/reembolso_devoluciones\/","url":"https:\/\/marymarchantepsicologa.com\/reembolso_devoluciones\/","name":"T\u00e9rminos y condiciones de venta - Mary Marchante","isPartOf":{"@id":"https:\/\/marymarchantepsicologa.com\/#website"},"datePublished":"2025-11-18T16:13:57+00:00","dateModified":"2026-01-22T10:42:43+00:00","breadcrumb":{"@id":"https:\/\/marymarchantepsicologa.com\/reembolso_devoluciones\/#breadcrumb"},"inLanguage":"en-US","potentialAction":[{"@type":"ReadAction","target":["https:\/\/marymarchantepsicologa.com\/reembolso_devoluciones\/"]}]},{"@type":"BreadcrumbList","@id":"https:\/\/marymarchantepsicologa.com\/reembolso_devoluciones\/#breadcrumb","itemListElement":[{"@type":"ListItem","position":1,"name":"Inicio","item":"https:\/\/marymarchantepsicologa.com\/"},{"@type":"ListItem","position":2,"name":"T\u00e9rminos y condiciones de venta"}]},{"@type":"WebSite","@id":"https:\/\/marymarchantepsicologa.com\/#website","url":"https:\/\/marymarchantepsicologa.com\/","name":"www.marymarchantepsicologa.com","description":"Psic\u00f3loga en Carabanchel Alto","publisher":{"@id":"https:\/\/marymarchantepsicologa.com\/#organization"},"potentialAction":[{"@type":"SearchAction","target":{"@type":"EntryPoint","urlTemplate":"https:\/\/marymarchantepsicologa.com\/?s={search_term_string}"},"query-input":{"@type":"PropertyValueSpecification","valueRequired":true,"valueName":"search_term_string"}}],"inLanguage":"en-US"},{"@type":"Organization","@id":"https:\/\/marymarchantepsicologa.com\/#organization","name":"Mary Marchante Psic\u00f3loga","url":"https:\/\/marymarchantepsicologa.com\/","logo":{"@type":"ImageObject","inLanguage":"en-US","@id":"https:\/\/marymarchantepsicologa.com\/#\/schema\/logo\/image\/","url":"https:\/\/marymarchantepsicologa.com\/wp-content\/uploads\/2022\/07\/Mary-Marchante-con-fondo-logo-.png","contentUrl":"https:\/\/marymarchantepsicologa.com\/wp-content\/uploads\/2022\/07\/Mary-Marchante-con-fondo-logo-.png","width":500,"height":500,"caption":"Mary Marchante Psic\u00f3loga"},"image":{"@id":"https:\/\/marymarchantepsicologa.com\/#\/schema\/logo\/image\/"},"sameAs":["https:\/\/www.instagram.com\/marymarchantepsicologa\/","https:\/\/www.tiktok.com\/@marymarchantepsicologa"]}]}},"_links":{"self":[{"href":"https:\/\/marymarchantepsicologa.com\/en\/wp-json\/wp\/v2\/pages\/2507","targetHints":{"allow":["GET"]}}],"collection":[{"href":"https:\/\/marymarchantepsicologa.com\/en\/wp-json\/wp\/v2\/pages"}],"about":[{"href":"https:\/\/marymarchantepsicologa.com\/en\/wp-json\/wp\/v2\/types\/page"}],"author":[{"embeddable":true,"href":"https:\/\/marymarchantepsicologa.com\/en\/wp-json\/wp\/v2\/users\/1"}],"replies":[{"embeddable":true,"href":"https:\/\/marymarchantepsicologa.com\/en\/wp-json\/wp\/v2\/comments?post=2507"}],"version-history":[{"count":9,"href":"https:\/\/marymarchantepsicologa.com\/en\/wp-json\/wp\/v2\/pages\/2507\/revisions"}],"predecessor-version":[{"id":3048,"href":"https:\/\/marymarchantepsicologa.com\/en\/wp-json\/wp\/v2\/pages\/2507\/revisions\/3048"}],"wp:attachment":[{"href":"https:\/\/marymarchantepsicologa.com\/en\/wp-json\/wp\/v2\/media?parent=2507"}],"curies":[{"name":"wp","href":"https:\/\/api.w.org\/{rel}","templated":true}]}}